{"id":12,"date":"2017-05-16T12:06:55","date_gmt":"2017-05-16T10:06:55","guid":{"rendered":"https:\/\/www.zoo-project.com\/hommage\/?page_id=12"},"modified":"2019-01-30T22:18:59","modified_gmt":"2019-01-30T21:18:59","slug":"nous-aider","status":"publish","type":"page","link":"https:\/\/www.zoo-project.com\/hommage\/nous-aider\/","title":{"rendered":"Nous aider"},"content":{"rendered":"<p>Autour de ce vaste projet port\u00e9 par Antoine Page et Lilas Carpentier, se sont r\u00e9unis collaborateurs, artistes, et amis, au sein de l\u2019association <i>La Maison du Directeur<\/i>, avec le\u00a0d\u00e9sir de rendre hommage autant \u00e0 l\u2019artiste\u00a0<i>Zoo Project<\/i>, qu\u2019\u00e0 sa personnalit\u00e9 et sa d\u00e9marche. Soutenu par la famille\u00a0Berreni le projet b\u00e9n\u00e9ficie \u00e9galement de la participation d&rsquo;\u00e9tudiants de l&rsquo;IECA (Institut europ\u00e9en du cin\u00e9ma et de l&rsquo;audiovisuel) de Nancy.\u00a0Tous b\u00e9n\u00e9voles, nous avons d\u00e9cid\u00e9 \u00e0 travers cet hommage de faire perdurer son esprit de libert\u00e9, de cr\u00e9ativit\u00e9 et d\u2019ind\u00e9pendance.<\/p>\n<p>Depuis plus d\u2019un an que nous accompagnons ces \u00e9v\u00e8nements, la motivation ne faiblit pas, mais les ressources oui. Aussi cherchons-nous des personnes qui aiment l\u2019artiste, le projet, la d\u00e9marche et souhaitent nous soutenir financi\u00e8rement.<\/p>\n<p>Nous esp\u00e9rons que vous nous aiderez \u00e0 faire de cet hommage un jaillissement cr\u00e9atif, furieusement grisant, furieusement vivant.<\/p>\n<p><a class=\"btn\" data-fancybox=\"\" data-src=\"#don\">DONATION<\/a><\/p>\n","protected":false},"excerpt":{"rendered":"<p>Autour de ce vaste projet port\u00e9 par Antoine Page et Lilas Carpentier, se sont r\u00e9unis collaborateurs, artistes, et amis, au sein de l\u2019association La Maison du Directeur, avec le\u00a0d\u00e9sir de rendre hommage autant \u00e0 l\u2019artiste\u00a0Zoo Project, qu\u2019\u00e0 sa personnalit\u00e9 et sa d\u00e9marche. Soutenu par la famille\u00a0Berreni le projet b\u00e9n\u00e9ficie \u00e9galement de la participation d&rsquo;\u00e9tudiants de [&hellip;]<\/p>\n","protected":false},"author":1,"featured_media":0,"parent":0,"menu_order":0,"comment_status":"closed","ping_status":"closed","template":"","meta":{"_acf_changed":false,"_exactmetrics_skip_tracking":false,"_exactmetrics_sitenote_active":false,"_exactmetrics_sitenote_note":"","_exactmetrics_sitenote_category":0,"footnotes":""},"class_list":["post-12","page","type-page","status-publish","hentry"],"acf":[],"_links":{"self":[{"href":"https:\/\/www.zoo-project.com\/hommage\/wp-json\/wp\/v2\/pages\/12","targetHints":{"allow":["GET"]}}],"collection":[{"href":"https:\/\/www.zoo-project.com\/hommage\/wp-json\/wp\/v2\/pages"}],"about":[{"href":"https:\/\/www.zoo-project.com\/hommage\/wp-json\/wp\/v2\/types\/page"}],"author":[{"embeddable":true,"href":"https:\/\/www.zoo-project.com\/hommage\/wp-json\/wp\/v2\/users\/1"}],"replies":[{"embeddable":true,"href":"https:\/\/www.zoo-project.com\/hommage\/wp-json\/wp\/v2\/comments?post=12"}],"version-history":[{"count":70,"href":"https:\/\/www.zoo-project.com\/hommage\/wp-json\/wp\/v2\/pages\/12\/revisions"}],"predecessor-version":[{"id":1000,"href":"https:\/\/www.zoo-project.com\/hommage\/wp-json\/wp\/v2\/pages\/12\/revisions\/1000"}],"wp:attachment":[{"href":"https:\/\/www.zoo-project.com\/hommage\/wp-json\/wp\/v2\/media?parent=12"}],"curies":[{"name":"wp","href":"https:\/\/api.w.org\/{rel}","templated":true}]}}