{"id":641,"date":"2017-12-18T18:30:16","date_gmt":"2017-12-18T17:30:16","guid":{"rendered":"https:\/\/www.zoo-project.com\/hommage\/?page_id=641\/"},"modified":"2017-12-23T00:21:07","modified_gmt":"2017-12-22T23:21:07","slug":"presse","status":"publish","type":"page","link":"https:\/\/www.zoo-project.com\/hommage\/presse\/","title":{"rendered":"Presse"},"content":{"rendered":"<p>S\u00e9lection d&rsquo;articles de presse :<\/p>\n<p>&nbsp;<\/p>\n<p>\u00c0 propos de l&rsquo;hommage (2017)<\/p>\n<p><a href=\"https:\/\/maze.fr\/art\/07\/2017\/zoo-project-%E2%80%89pas-dici-plus-jamais-de-bas%E2%80%89\/\" target=\"_blank\" rel=\"noopener\">PAS ENCORE D&rsquo;ICI, PLUS JAMAIS DE L\u00c0-BAS<\/a> &#8211; Maze &#8211; 24\/07\/2017<\/p>\n<p><a href=\"http:\/\/www.lemonde.fr\/arts\/article\/2017\/08\/01\/sur-la-mer-d-aral-l-arche-fantome-de-zoo-project_5167285_1655012.html\" target=\"_blank\" rel=\"noopener\">SUR LA MER D&rsquo;ARAL, L&rsquo;ARCHE FANT\u00d4ME DE ZOO PROJECT<\/a> &#8211; Le Monde &#8211; 01\/08\/2017<\/p>\n<p><a href=\"https:\/\/entr2rues.com\/2017\/08\/13\/zoo-project-voulait-peindre-a-travers-le-monde\/\" target=\"_blank\" rel=\"noopener\">PEINDRE \u00c0 TRAVERS LE MONDE<\/a> &#8211; Entre\u20192 Rues Magazine &#8211; 13\/08\/2017<\/p>\n<p><a href=\"https:\/\/mrmondialisation.org\/zoo-project-2018\/\" target=\"_blank\" rel=\"noopener\">HOMMAGE ZOO PROJECT<\/a> &#8211; Mr.Mondialisation &#8211; 07\/07\/2017<\/p>\n<p><a href=\"http:\/\/www.allcityblog.fr\/137783-crowdfunding-pour-rendre-hommage-a-zoo-project\/\" target=\"_blank\" rel=\"noopener\">UN CROWDFUNDING POUR RENDRE HOMMAGE \u00c0 ZOO PROJECT<\/a> &#8211; Allcityblog &#8211; 30\/06\/2017<\/p>\n<p><a href=\"http:\/\/www.lefigaro.fr\/arts-expositions\/2017\/09\/23\/03015-20170923ARTFIG00093-plus-de-50000-euros-recoltes-pour-rendre-hommage-a-l-artiste-zoo-project.php\" target=\"_blank\" rel=\"noopener\">HOMMAGE ZOO PROJECT<\/a> &#8211; Figaro &#8211; 23\/09\/2017<\/p>\n<p>&nbsp;<\/p>\n<p>\u00c0 propos de Zoo Project (2014)<\/p>\n<p><a href=\"https:\/\/www.franceculture.fr\/emissions\/pas-la-peine-de-crier\/le-mur-45-le-mur-est-une-surface-sensible\" target=\"_blank\" rel=\"noopener\">LE MUR EST UNE SURFACE SENSIBLE<\/a> &#8211; \u00a0France Culture &#8211; 26\/06\/2014<\/p>\n<p><a href=\"https:\/\/www.tourisme93.com\/zooproject-nous-quitte-le-street-art-perd-un-artiste-engage.html\" target=\"_blank\" rel=\"noopener\">ZOO PROJECT NOUS QUITTE : LE D\u00c9PART D&rsquo;UN STREET ARTISTE<\/a>\u00a0&#8211; 09\/04\/2014<\/p>\n<p><a href=\"http:\/\/www.jeuneafrique.com\/133813\/politique\/street-art-zoo-project-en-toute-libert\/\" target=\"_blank\" rel=\"noopener\">ZOO PROJECT, UN ARTISTE EN LIBERT\u00c9<\/a> &#8211; JeuneAfrique &#8211; 09\/04\/2014<\/p>\n<p>&nbsp;<\/p>\n<p>\u00c0 propos de son travail en Tunisie (2011)<\/p>\n<p><a href=\"http:\/\/www.lemonde.fr\/week-end\/article\/2011\/06\/03\/en-tunisie-zoo-project-dessine-les-visages-de-la-revolution_1530378_1477893.html\" target=\"_blank\" rel=\"noopener\">ZOO PROJECT DESSINE LES VISAGES DE LA R\u00c9VOLUTION<\/a> &#8211; Le Monde Magazine &#8211; 04\/06\/2011<\/p>\n<p><a href=\"http:\/\/www.liberation.fr\/planete\/2011\/04\/23\/tunisie-l-ombre-des-martyrs_731022\" target=\"_blank\" rel=\"noopener\">L&rsquo;OMBRE DES MARTYRS<\/a> &#8211; Lib\u00e9ration &#8211; 24\/04\/2011<\/p>\n<p><a href=\"http:\/\/www.article11.info\/?Tunis-les-fantomes-de-la-Kasbah#a_titre\" target=\"_blank\" rel=\"noopener\">TUNIS, LES FANT\u00d4MES DE LA KASBAH<\/a> &#8211; Article 11 &#8211; 05\/04\/2011<\/p>\n","protected":false},"excerpt":{"rendered":"<p>S\u00e9lection d&rsquo;articles de presse : &nbsp; \u00c0 propos de l&rsquo;hommage (2017) PAS ENCORE D&rsquo;ICI, PLUS JAMAIS DE L\u00c0-BAS &#8211; Maze &#8211; 24\/07\/2017 SUR LA MER D&rsquo;ARAL, L&rsquo;ARCHE FANT\u00d4ME DE ZOO PROJECT &#8211; Le Monde &#8211; 01\/08\/2017 PEINDRE \u00c0 TRAVERS LE MONDE &#8211; Entre\u20192 Rues Magazine &#8211; 13\/08\/2017 HOMMAGE ZOO PROJECT &#8211; Mr.Mondialisation &#8211; 07\/07\/2017 UN [&hellip;]<\/p>\n","protected":false},"author":1,"featured_media":0,"parent":0,"menu_order":0,"comment_status":"closed","ping_status":"closed","template":"","meta":{"_acf_changed":false,"_exactmetrics_skip_tracking":false,"_exactmetrics_sitenote_active":false,"_exactmetrics_sitenote_note":"","_exactmetrics_sitenote_category":0,"footnotes":""},"class_list":["post-641","page","type-page","status-publish","hentry"],"acf":[],"_links":{"self":[{"href":"https:\/\/www.zoo-project.com\/hommage\/wp-json\/wp\/v2\/pages\/641","targetHints":{"allow":["GET"]}}],"collection":[{"href":"https:\/\/www.zoo-project.com\/hommage\/wp-json\/wp\/v2\/pages"}],"about":[{"href":"https:\/\/www.zoo-project.com\/hommage\/wp-json\/wp\/v2\/types\/page"}],"author":[{"embeddable":true,"href":"https:\/\/www.zoo-project.com\/hommage\/wp-json\/wp\/v2\/users\/1"}],"replies":[{"embeddable":true,"href":"https:\/\/www.zoo-project.com\/hommage\/wp-json\/wp\/v2\/comments?post=641"}],"version-history":[{"count":32,"href":"https:\/\/www.zoo-project.com\/hommage\/wp-json\/wp\/v2\/pages\/641\/revisions"}],"predecessor-version":[{"id":683,"href":"https:\/\/www.zoo-project.com\/hommage\/wp-json\/wp\/v2\/pages\/641\/revisions\/683"}],"wp:attachment":[{"href":"https:\/\/www.zoo-project.com\/hommage\/wp-json\/wp\/v2\/media?parent=641"}],"curies":[{"name":"wp","href":"https:\/\/api.w.org\/{rel}","templated":true}]}}