{"id":8,"date":"2017-05-16T12:06:28","date_gmt":"2017-05-16T10:06:28","guid":{"rendered":"https:\/\/www.zoo-project.com\/hommage\/?page_id=8"},"modified":"2017-06-22T22:44:40","modified_gmt":"2017-06-22T20:44:40","slug":"zoo-project","status":"publish","type":"page","link":"https:\/\/www.zoo-project.com\/hommage\/zoo-project\/","title":{"rendered":"Zoo Project"},"content":{"rendered":"<p>Depuis toujours Bilal dessine, tout le temps, sur tout, comme un fou. Rapidement les dessins d\u00e9bordent des cahiers et la rue devient son terrain de jeu. \u00c0 18 ans, il cr\u00e9e le nom\u2009\u00ab\u2009Zoo Project\u2009\u00bb. En l\u2019espace d\u2019un an, il repeint tout le XX<sup>e<\/sup> arrondissement de Paris de fresques gigantesques\u00a0: gros traits noirs expressifs creusant une forme blanche, le style est \u00e0 la fois brut et \u00e9vocateur. Des citations accompagnent parfois les fresques. Jamais didactiques ou manich\u00e9ennes, ces phrases ajoutent une note douce-am\u00e8re, un contrepoint absurde. La d\u00e9marche est profond\u00e9ment politique sans que jamais le r\u00e9sultat ne perde de sa douceur po\u00e9tique.<\/p>\n<p>Bilal acc\u00e8de rapidement \u00e0 la reconnaissance du milieu. Les galeries le courtisent mais il est d\u00e9j\u00e0 ailleurs. Parti en Tunisie au moment de la r\u00e9volution, il choisit d\u2019y repr\u00e9senter les martyrs puis part s\u2019installer dans un camp de r\u00e9fugi\u00e9s \u00e0 la fronti\u00e8re libyenne. Il y peindra grandeur nature sur du tissu les r\u00e9fugi\u00e9s du camp.<\/p>\n<p>Son travail prend la forme d\u2019installations r\u00e9alis\u00e9es avec et pour les gens qu\u2019il peint, et cette fois-ci c\u2019est la presse nationale qui s\u2019int\u00e9resse \u00e0 lui (<em>Lib\u00e9ration, Le Monde<\/em>). Lui est d\u00e9j\u00e0 loin, reclus en plein hiver par -30\u00b0 dans une cabane au fin fond de la Laponie, avec le projet de r\u00e9aliser un roman graphique qui racontera son exp\u00e9rience.<\/p>\n<p>Et ainsi de suite&#8230;<\/p>\n<p>Sa vie sera un bouillonnement d\u2019id\u00e9es, de projets, de r\u00e9alisations, sans jamais se m\u00e9nager, sans jamais faire de compromis.<\/p>\n","protected":false},"excerpt":{"rendered":"<p>Depuis toujours Bilal dessine, tout le temps, sur tout, comme un fou. Rapidement les dessins d\u00e9bordent des cahiers et la rue devient son terrain de jeu. \u00c0 18 ans, il cr\u00e9e le nom\u2009\u00ab\u2009Zoo Project\u2009\u00bb. En l\u2019espace d\u2019un an, il repeint tout le XXe arrondissement de Paris de fresques gigantesques\u00a0: gros traits noirs expressifs creusant une [&hellip;]<\/p>\n","protected":false},"author":1,"featured_media":0,"parent":0,"menu_order":0,"comment_status":"closed","ping_status":"closed","template":"","meta":{"_acf_changed":false,"_exactmetrics_skip_tracking":false,"_exactmetrics_sitenote_active":false,"_exactmetrics_sitenote_note":"","_exactmetrics_sitenote_category":0,"footnotes":""},"class_list":["post-8","page","type-page","status-publish","hentry"],"acf":[],"_links":{"self":[{"href":"https:\/\/www.zoo-project.com\/hommage\/wp-json\/wp\/v2\/pages\/8","targetHints":{"allow":["GET"]}}],"collection":[{"href":"https:\/\/www.zoo-project.com\/hommage\/wp-json\/wp\/v2\/pages"}],"about":[{"href":"https:\/\/www.zoo-project.com\/hommage\/wp-json\/wp\/v2\/types\/page"}],"author":[{"embeddable":true,"href":"https:\/\/www.zoo-project.com\/hommage\/wp-json\/wp\/v2\/users\/1"}],"replies":[{"embeddable":true,"href":"https:\/\/www.zoo-project.com\/hommage\/wp-json\/wp\/v2\/comments?post=8"}],"version-history":[{"count":34,"href":"https:\/\/www.zoo-project.com\/hommage\/wp-json\/wp\/v2\/pages\/8\/revisions"}],"predecessor-version":[{"id":403,"href":"https:\/\/www.zoo-project.com\/hommage\/wp-json\/wp\/v2\/pages\/8\/revisions\/403"}],"wp:attachment":[{"href":"https:\/\/www.zoo-project.com\/hommage\/wp-json\/wp\/v2\/media?parent=8"}],"curies":[{"name":"wp","href":"https:\/\/api.w.org\/{rel}","templated":true}]}}